{"id":4879,"date":"2020-12-13T16:35:00","date_gmt":"2020-12-13T20:35:00","guid":{"rendered":"https:\/\/elpranprojecten.com\/?page_id=4879"},"modified":"2021-02-22T19:06:59","modified_gmt":"2021-02-22T23:06:59","slug":"donate","status":"publish","type":"page","link":"https:\/\/elpranprojecten.com\/es\/donate\/","title":{"rendered":"Donaci\u00f3n"},"content":{"rendered":"<div data-elementor-type=\"wp-post\" data-elementor-id=\"4879\" class=\"elementor elementor-4879\" data-elementor-settings=\"{&quot;ha_cmc_init_switcher&quot;:&quot;no&quot;}\">\n\t\t\t\t\t\t<section class=\"elementor-section elementor-top-section elementor-element elementor-element-2518031 elementor-section-boxed elementor-section-height-default elementor-section-height-default exad-glass-effect-no exad-sticky-section-no\" data-id=\"2518031\" data-element_type=\"section\" data-e-type=\"section\" data-settings=\"{&quot;_ha_eqh_enable&quot;:false}\">\n\t\t\t\t\t\t<div class=\"elementor-container elementor-column-gap-default\">\n\t\t\t\t\t<div class=\"elementor-column elementor-col-100 elementor-top-column elementor-element elementor-element-2433027 exad-glass-effect-no exad-sticky-section-no\" data-id=\"2433027\" data-element_type=\"column\" data-e-type=\"column\">\n\t\t\t<div class=\"elementor-widget-wrap elementor-element-populated\">\n\t\t\t\t\t\t<div class=\"elementor-element elementor-element-deb9b3b exad-sticky-section-no exad-glass-effect-no elementor-widget elementor-widget-heading\" data-id=\"deb9b3b\" data-element_type=\"widget\" data-e-type=\"widget\" data-widget_type=\"heading.default\">\n\t\t\t\t<div class=\"elementor-widget-container\">\n\t\t\t\t\t<h2 class=\"elementor-heading-title elementor-size-default\">Donaci\u00f3n<\/h2>\t\t\t\t<\/div>\n\t\t\t\t<\/div>\n\t\t\t\t\t<\/div>\n\t\t<\/div>\n\t\t\t\t\t<\/div>\n\t\t<\/section>\n\t\t\t\t<section class=\"elementor-section elementor-top-section elementor-element elementor-element-dd5ef16 elementor-section-boxed elementor-section-height-default elementor-section-height-default exad-glass-effect-no exad-sticky-section-no\" data-id=\"dd5ef16\" data-element_type=\"section\" data-e-type=\"section\" data-settings=\"{&quot;background_background&quot;:&quot;classic&quot;,&quot;_ha_eqh_enable&quot;:false}\">\n\t\t\t\t\t\t<div class=\"elementor-container elementor-column-gap-default\">\n\t\t\t\t\t<div class=\"elementor-column elementor-col-50 elementor-top-column elementor-element elementor-element-ffbeec1 exad-glass-effect-no exad-sticky-section-no\" data-id=\"ffbeec1\" data-element_type=\"column\" data-e-type=\"column\">\n\t\t\t<div class=\"elementor-widget-wrap elementor-element-populated\">\n\t\t\t\t\t\t\t<\/div>\n\t\t<\/div>\n\t\t\t\t<div class=\"elementor-column elementor-col-50 elementor-top-column elementor-element elementor-element-85c1e11 exad-glass-effect-no exad-sticky-section-no\" data-id=\"85c1e11\" data-element_type=\"column\" data-e-type=\"column\">\n\t\t\t<div class=\"elementor-widget-wrap elementor-element-populated\">\n\t\t\t\t\t\t<div class=\"elementor-element elementor-element-dd0b935 exad-sticky-section-no exad-glass-effect-no elementor-widget elementor-widget-heading\" data-id=\"dd0b935\" data-element_type=\"widget\" data-e-type=\"widget\" data-widget_type=\"heading.default\">\n\t\t\t\t<div class=\"elementor-widget-container\">\n\t\t\t\t\t<h6 class=\"elementor-heading-title elementor-size-default\"><a href=\"https:\/\/elpranprojecten.com\/es\/donate-spa\/\">Espa\u00f1ol<\/a><\/h6>\t\t\t\t<\/div>\n\t\t\t\t<\/div>\n\t\t\t\t\t<\/div>\n\t\t<\/div>\n\t\t\t\t\t<\/div>\n\t\t<\/section>\n\t\t\t\t<section class=\"elementor-section elementor-top-section elementor-element elementor-element-a55a83e elementor-section-boxed elementor-section-height-default elementor-section-height-default exad-glass-effect-no exad-sticky-section-no\" data-id=\"a55a83e\" data-element_type=\"section\" data-e-type=\"section\" data-settings=\"{&quot;_ha_eqh_enable&quot;:false}\">\n\t\t\t\t\t\t<div class=\"elementor-container elementor-column-gap-default\">\n\t\t\t\t\t<div class=\"elementor-column elementor-col-50 elementor-top-column elementor-element elementor-element-01a738e exad-glass-effect-no exad-sticky-section-no\" data-id=\"01a738e\" data-element_type=\"column\" data-e-type=\"column\">\n\t\t\t<div class=\"elementor-widget-wrap elementor-element-populated\">\n\t\t\t\t\t\t<div class=\"elementor-element elementor-element-c1e2209 exad-sticky-section-no exad-glass-effect-no elementor-widget elementor-widget-spacer\" data-id=\"c1e2209\" data-element_type=\"widget\" data-e-type=\"widget\" data-widget_type=\"spacer.default\">\n\t\t\t\t<div class=\"elementor-widget-container\">\n\t\t\t\t\t\t\t<div class=\"elementor-spacer\">\n\t\t\t<div class=\"elementor-spacer-inner\"><\/div>\n\t\t<\/div>\n\t\t\t\t\t\t<\/div>\n\t\t\t\t<\/div>\n\t\t\t\t<div class=\"elementor-element elementor-element-f2e5665 exad-sticky-section-no exad-glass-effect-no elementor-widget elementor-widget-text-editor\" data-id=\"f2e5665\" data-element_type=\"widget\" data-e-type=\"widget\" data-widget_type=\"text-editor.default\">\n\t\t\t\t<div class=\"elementor-widget-container\">\n\t\t\t\t\t\t\t\t\t<p><strong>Para mantener nuestra existencia, necesitamos el apoyo de los dem\u00e1s.<\/strong><\/p><p><strong>Puede expresar su agradecimiento a trav\u00e9s de una donaci\u00f3n convirti\u00e9ndose en patrocinador de una de nuestras salas de exposici\u00f3n virtuales. Trabajamos de la misma manera y requerimos los mismos profesionales que generan todo este contenido, al igual que un museo. Tambi\u00e9n puede convertirse en patrocinador de uno de nuestros artistas locales emergentes o ayudarnos financiando una de nuestras investigaciones, publicaciones o documentales.<\/strong><\/p><p><strong>Adem\u00e1s, puede ayudar a apoyar nuestros proyectos de residencias art\u00edsticas entre \u00c1msterdam, Colombia, Cuba, Estados Unidos, Rep\u00fablica Dominicana, Venezuela, Curazao y Aruba.<\/strong><\/p><p><strong>Tambi\u00e9n es posible que contribuyas a trav\u00e9s de encargos de artistas para algunos de nuestros artistas emergentes o sat\u00e9lites. O puedes ayudar en la circulaci\u00f3n del capital, la generaci\u00f3n de patrimonio y las colecciones. \u00bfNo est\u00e1s de acuerdo?<\/strong><\/p><p><strong>Si entiendes que tu contribuci\u00f3n puede ser \u00fatil, no lo dudes.<br \/>Hacer una donaci\u00f3n o ponerse en contacto con nosotros.<\/strong><\/p>\t\t\t\t\t\t\t\t<\/div>\n\t\t\t\t<\/div>\n\t\t\t\t\t<\/div>\n\t\t<\/div>\n\t\t\t\t<div class=\"elementor-column elementor-col-50 elementor-top-column elementor-element elementor-element-fade94e exad-glass-effect-no exad-sticky-section-no\" data-id=\"fade94e\" data-element_type=\"column\" data-e-type=\"column\">\n\t\t\t<div class=\"elementor-widget-wrap elementor-element-populated\">\n\t\t\t\t\t\t<div class=\"elementor-element elementor-element-11050bc exad-sticky-section-no exad-glass-effect-no elementor-widget elementor-widget-text-editor\" data-id=\"11050bc\" data-element_type=\"widget\" data-e-type=\"widget\" data-widget_type=\"text-editor.default\">\n\t\t\t\t<div class=\"elementor-widget-container\">\n\t\t\t\t\t\t\t\t\t<p style=\"text-align: center;\"><!-- <script src=\"https:\/\/plugin.whydonate.com\/wp_styling.js\"><scrpt>\r\n<link rel=\"stylesheet\" type=\"text\/css\" href=\"https:\/\/plugin.whydonate.com\/wdplugin-style.css\"> -->\r\n<div id=\"widget-here-j9adq\" ><\/div>\r\n<script>\r\n    if(typeof widgetElement === undefined){\r\n        let widgetElement\r\n    }\r\n    var widgetOptions = {\"widget_data_avaliable\":true,\"id\":\"j9adq\",\"shortcode\":\"j9adq\",\"fundraiserName\":\"Support EL PRAN Projecten\",\"styleId\":\"1\",\"pluginStyle\":\"Support EL PRAN\",\"colorCode\":\"#000005\",\"showDonateButton\":\"1\",\"showProgressBar\":\"2\",\"showRaisedAmount\":\"3\",\"showEndDate\":\"4\",\"showDonationFormOnly\":\"1\",\"doNotShowBox\":\"1\",\"oneTimeCheck\":\"1\",\"monthlyCheck\":\"2\",\"yearlyCheck\":\"3\",\"firstAmountCheck\":\"1\",\"secondAmountCheck\":\"2\",\"thirdAmountCheck\":\"3\",\"forthAmountCheck\":\"4\",\"otherChecked\":\"1\",\"firstAmount\":\"10\",\"secondAmount\":\"25\",\"thirdAmount\":\"50\",\"forthAmount\":\"100\",\"slug\":\"support-el-pran-projecten\",\"font\":\"\",\"flocalId\":\"16039\",\"progress_bar\":0,\"progress_bar_width\":0,\"achived_per\":0,\"data\":[],\"appearanceWindowHeight\":230,\"selectInterval\":1,\"selectAmount\":1,\"redirectUrl\":\"\",\"is_opened\":true,\"donationTitle\":\"Support EL PRAN Projecten\",\"elapsed\":\"\",\"fundraiserTitle\":\"\",\"successUrl\":\"https:\\\/\\\/www.elpranprojecten.com\\\/donate\\\/donate-successful\\\/\",\"failureUrl\":\"https:\\\/\\\/www.elpranprojecten.com\\\/donate\\\/donate-unsuccessful\\\/\",\"buttonRadius\":\"30\",\"tip_enabled\":true,\"language_code\":\"es\",\"stripe_status\":true,\"data_source\":\"word_press_plugin\"};\r\n    console.log(\"widgetOptions\", widgetOptions)\r\n    wp_html_generator(widgetOptions).then( (htmlContent) => {\r\n        widgetElement = document.getElementById(\"widget-here-j9adq\")\r\n        widgetElement.innerHtml = htmlContent\r\n    })\r\n<\/script>\r\n\r\n\r\n<\/p>\t\t\t\t\t\t\t\t<\/div>\n\t\t\t\t<\/div>\n\t\t\t\t\t<\/div>\n\t\t<\/div>\n\t\t\t\t\t<\/div>\n\t\t<\/section>\n\t\t\t\t<section class=\"elementor-section elementor-top-section elementor-element elementor-element-30b8365 elementor-section-boxed elementor-section-height-default elementor-section-height-default exad-glass-effect-no exad-sticky-section-no\" data-id=\"30b8365\" data-element_type=\"section\" data-e-type=\"section\" data-settings=\"{&quot;_ha_eqh_enable&quot;:false}\">\n\t\t\t\t\t\t<div class=\"elementor-container elementor-column-gap-default\">\n\t\t\t\t\t<div class=\"elementor-column elementor-col-100 elementor-top-column elementor-element elementor-element-393fae5 exad-glass-effect-no exad-sticky-section-no\" data-id=\"393fae5\" data-element_type=\"column\" data-e-type=\"column\">\n\t\t\t<div class=\"elementor-widget-wrap elementor-element-populated\">\n\t\t\t\t\t\t<div class=\"elementor-element elementor-element-ee7e41c exad-sticky-section-no exad-glass-effect-no elementor-widget elementor-widget-heading\" data-id=\"ee7e41c\" data-element_type=\"widget\" data-e-type=\"widget\" data-widget_type=\"heading.default\">\n\t\t\t\t<div class=\"elementor-widget-container\">\n\t\t\t\t\t<h2 class=\"elementor-heading-title elementor-size-default\"><a href=\"https:\/\/elpranprojecten.com\/news\">News<\/a><\/h2>\t\t\t\t<\/div>\n\t\t\t\t<\/div>\n\t\t\t\t<div class=\"elementor-element elementor-element-6501ed6 exad-sticky-section-no exad-glass-effect-no elementor-widget elementor-widget-obfx-posts-grid\" data-id=\"6501ed6\" data-element_type=\"widget\" data-e-type=\"widget\" data-widget_type=\"obfx-posts-grid.default\">\n\t\t\t\t<div class=\"elementor-widget-container\">\n\t\t\t\t\t<div class=\"obfx-grid\"><div class=\"obfx-grid-container obfx-grid-desktop-3\"><div class=\"obfx-grid-wrapper\"><article class=\"obfx-grid-col\"><div class=\"obfx-grid-col-image\" style=\"\"><a href=\"https:\/\/elpranprojecten.com\/es\/reginajosegalindonews\/\" title=\"Coming Soon in the PRAN Projecten\u200b. Regina Jos\u00e9 Galindo (Guatemala)\"><img fetchpriority=\"high\" decoding=\"async\" width=\"827\" height=\"892\" src=\"https:\/\/elpranprojecten.com\/wp-content\/uploads\/2021\/09\/Flyer-Regina-Jose.png\" class=\"img-responsive wp-post-image\" alt=\"Flyer Regina Jose\" srcset=\"https:\/\/elpranprojecten.com\/wp-content\/uploads\/2021\/09\/Flyer-Regina-Jose.png 827w, https:\/\/elpranprojecten.com\/wp-content\/uploads\/2021\/09\/Flyer-Regina-Jose-278x300.png 278w, https:\/\/elpranprojecten.com\/wp-content\/uploads\/2021\/09\/Flyer-Regina-Jose-768x828.png 768w, https:\/\/elpranprojecten.com\/wp-content\/uploads\/2021\/09\/Flyer-Regina-Jose-11x12.png 11w\" sizes=\"(max-width: 827px) 100vw, 827px\" \/><\/a><\/div><div class=\"obfx-grid-col-content\">\t\t\t<h2 class=\"entry-title obfx-grid-title\">\n\t\t\t\t\t\t\t<a href=\"https:\/\/elpranprojecten.com\/es\/reginajosegalindonews\/\" title=\"Coming Soon in the PRAN Projecten\u200b. Regina Jos\u00e9 Galindo (Guatemala)\">\n\t\t\t\t\tComing Soon in the PRAN Projecten\u200b. Regina Jos\u00e9 Galindo (Guatemala)\t\t\t\t<\/a>\n\t\t\t\t\t\t\t<\/h2>\n\t\t\t\t\t\t<div class=\"entry-content obfx-grid-content\">\n\t\t\t\tEL PRAN Projecten is honored to present the artistic production of one of the most&hellip;\t\t\t<\/div>\n\t\t\t<\/div><\/article><\/div><div class=\"obfx-grid-wrapper\"><article class=\"obfx-grid-col\"><div class=\"obfx-grid-col-image\" style=\"\"><a href=\"https:\/\/elpranprojecten.com\/es\/natusha-croes-aruba-coming-soon-in-the-virtual-showrooms-of-el-pran-projecten%e2%80%8b\/\" title=\"Natusha Croes (Aruba) Coming Soon in the virtual showrooms of EL PRAN Projecten\u200b\"><img decoding=\"async\" width=\"827\" height=\"892\" src=\"https:\/\/elpranprojecten.com\/wp-content\/uploads\/2021\/09\/Flyer-Natusha-Croes.png\" class=\"img-responsive wp-post-image\" alt=\"Flyer Natusha Croes\" srcset=\"https:\/\/elpranprojecten.com\/wp-content\/uploads\/2021\/09\/Flyer-Natusha-Croes.png 827w, https:\/\/elpranprojecten.com\/wp-content\/uploads\/2021\/09\/Flyer-Natusha-Croes-278x300.png 278w, https:\/\/elpranprojecten.com\/wp-content\/uploads\/2021\/09\/Flyer-Natusha-Croes-768x828.png 768w, https:\/\/elpranprojecten.com\/wp-content\/uploads\/2021\/09\/Flyer-Natusha-Croes-11x12.png 11w\" sizes=\"(max-width: 827px) 100vw, 827px\" \/><\/a><\/div><div class=\"obfx-grid-col-content\">\t\t\t<h2 class=\"entry-title obfx-grid-title\">\n\t\t\t\t\t\t\t<a href=\"https:\/\/elpranprojecten.com\/es\/natusha-croes-aruba-coming-soon-in-the-virtual-showrooms-of-el-pran-projecten%e2%80%8b\/\" title=\"Natusha Croes (Aruba) Coming Soon in the virtual showrooms of EL PRAN Projecten\u200b\">\n\t\t\t\t\tNatusha Croes (Aruba) Coming Soon in the virtual showrooms of EL PRAN Projecten\u200b\t\t\t\t<\/a>\n\t\t\t\t\t\t\t<\/h2>\n\t\t\t\t\t\t<div class=\"entry-content obfx-grid-content\">\n\t\t\t\tNatusha participated in the following exhibitions and residencies; Relational Undercurrents: Contemporary Art of the Caribbean&hellip;\t\t\t<\/div>\n\t\t\t<\/div><\/article><\/div><div class=\"obfx-grid-wrapper\"><article class=\"obfx-grid-col\"><div class=\"obfx-grid-col-image\" style=\"\"><a href=\"https:\/\/elpranprojecten.com\/es\/erikaor2news\/\" title=\"Erika Ordosgoitti (Venezuela- USA) Coming Soon this september 30 in the virtual showrooms of EL PRAN Projecten\u200b\"><img decoding=\"async\" width=\"827\" height=\"892\" src=\"https:\/\/elpranprojecten.com\/wp-content\/uploads\/2021\/09\/Flyer-Erika-Or2.png\" class=\"img-responsive wp-post-image\" alt=\"Flyer Erika Or2\" srcset=\"https:\/\/elpranprojecten.com\/wp-content\/uploads\/2021\/09\/Flyer-Erika-Or2.png 827w, https:\/\/elpranprojecten.com\/wp-content\/uploads\/2021\/09\/Flyer-Erika-Or2-278x300.png 278w, https:\/\/elpranprojecten.com\/wp-content\/uploads\/2021\/09\/Flyer-Erika-Or2-768x828.png 768w, https:\/\/elpranprojecten.com\/wp-content\/uploads\/2021\/09\/Flyer-Erika-Or2-11x12.png 11w\" sizes=\"(max-width: 827px) 100vw, 827px\" \/><\/a><\/div><div class=\"obfx-grid-col-content\">\t\t\t<h2 class=\"entry-title obfx-grid-title\">\n\t\t\t\t\t\t\t<a href=\"https:\/\/elpranprojecten.com\/es\/erikaor2news\/\" title=\"Erika Ordosgoitti (Venezuela- USA) Coming Soon this september 30 in the virtual showrooms of EL PRAN Projecten\u200b\">\n\t\t\t\t\tErika Ordosgoitti (Venezuela- USA) Coming Soon this september 30 in the virtual showrooms of EL PRAN Projecten\u200b\t\t\t\t<\/a>\n\t\t\t\t\t\t\t<\/h2>\n\t\t\t\t\t\t<div class=\"entry-content obfx-grid-content\">\n\t\t\t\tErika Ordosgoitti (Caracas, 1980). Performance artist, audiovisual artist and poet. She has a degree in&hellip;\t\t\t<\/div>\n\t\t\t<\/div><\/article><\/div><\/div><!-- .obfx-grid-container --><\/div><!-- .obfx-grid -->\t\t\t\t<\/div>\n\t\t\t\t<\/div>\n\t\t\t\t<div class=\"elementor-element elementor-element-53afa3b exad-sticky-section-no exad-glass-effect-no elementor-widget elementor-widget-spacer\" data-id=\"53afa3b\" data-element_type=\"widget\" data-e-type=\"widget\" data-widget_type=\"spacer.default\">\n\t\t\t\t<div class=\"elementor-widget-container\">\n\t\t\t\t\t\t\t<div class=\"elementor-spacer\">\n\t\t\t<div class=\"elementor-spacer-inner\"><\/div>\n\t\t<\/div>\n\t\t\t\t\t\t<\/div>\n\t\t\t\t<\/div>\n\t\t\t\t\t<\/div>\n\t\t<\/div>\n\t\t\t\t\t<\/div>\n\t\t<\/section>\n\t\t\t\t<\/div>","protected":false},"excerpt":{"rendered":"<p>Donate Espa\u00f1ol To maintain our existence, we need the support of others. You can express your appreciation through a donation by becoming a sponsor of one of our virtual showrooms. We work in the manner and require the same professionals that generate all this content, just like a museum. You can also become a sponsor [&hellip;]<\/p>\n","protected":false},"author":1,"featured_media":0,"parent":0,"menu_order":0,"comment_status":"closed","ping_status":"closed","template":"","meta":{"_monsterinsights_skip_tracking":false,"_monsterinsights_sitenote_active":false,"_monsterinsights_sitenote_note":"","_monsterinsights_sitenote_category":0,"site-sidebar-layout":"no-sidebar","site-content-layout":"page-builder","ast-site-content-layout":"","site-content-style":"default","site-sidebar-style":"default","ast-global-header-display":"","ast-banner-title-visibility":"","ast-main-header-display":"","ast-hfb-above-header-display":"","ast-hfb-below-header-display":"","ast-hfb-mobile-header-display":"","site-post-title":"disabled","ast-breadcrumbs-content":"","ast-featured-img":"disabled","footer-sml-layout":"","theme-transparent-header-meta":"disabled","adv-header-id-meta":"","stick-header-meta":"","header-above-stick-meta":"","header-main-stick-meta":"","header-below-stick-meta":"","astra-migrate-meta-layouts":"default","ast-page-background-enabled":"default","ast-page-background-meta":{"desktop":{"background-color":"","background-image":"","background-repeat":"repeat","background-position":"center center","background-size":"auto","background-attachment":"scroll","background-type":"","background-media":"","overlay-type":"","overlay-color":"","overlay-opacity":"","overlay-gradient":""},"tablet":{"background-color":"","background-image":"","background-repeat":"repeat","background-position":"center center","background-size":"auto","background-attachment":"scroll","background-type":"","background-media":"","overlay-type":"","overlay-color":"","overlay-opacity":"","overlay-gradient":""},"mobile":{"background-color":"","background-image":"","background-repeat":"repeat","background-position":"center center","background-size":"auto","background-attachment":"scroll","background-type":"","background-media":"","overlay-type":"","overlay-color":"","overlay-opacity":"","overlay-gradient":""}},"ast-content-background-meta":{"desktop":{"background-color":"var(--ast-global-color-5)","background-image":"","background-repeat":"repeat","background-position":"center center","background-size":"auto","background-attachment":"scroll","background-type":"","background-media":"","overlay-type":"","overlay-color":"","overlay-opacity":"","overlay-gradient":""},"tablet":{"background-color":"var(--ast-global-color-5)","background-image":"","background-repeat":"repeat","background-position":"center center","background-size":"auto","background-attachment":"scroll","background-type":"","background-media":"","overlay-type":"","overlay-color":"","overlay-opacity":"","overlay-gradient":""},"mobile":{"background-color":"var(--ast-global-color-5)","background-image":"","background-repeat":"repeat","background-position":"center center","background-size":"auto","background-attachment":"scroll","background-type":"","background-media":"","overlay-type":"","overlay-color":"","overlay-opacity":"","overlay-gradient":""}},"footnotes":""},"class_list":["post-4879","page","type-page","status-publish","hentry"],"_links":{"self":[{"href":"https:\/\/elpranprojecten.com\/es\/wp-json\/wp\/v2\/pages\/4879","targetHints":{"allow":["GET"]}}],"collection":[{"href":"https:\/\/elpranprojecten.com\/es\/wp-json\/wp\/v2\/pages"}],"about":[{"href":"https:\/\/elpranprojecten.com\/es\/wp-json\/wp\/v2\/types\/page"}],"author":[{"embeddable":true,"href":"https:\/\/elpranprojecten.com\/es\/wp-json\/wp\/v2\/users\/1"}],"replies":[{"embeddable":true,"href":"https:\/\/elpranprojecten.com\/es\/wp-json\/wp\/v2\/comments?post=4879"}],"version-history":[{"count":34,"href":"https:\/\/elpranprojecten.com\/es\/wp-json\/wp\/v2\/pages\/4879\/revisions"}],"predecessor-version":[{"id":6365,"href":"https:\/\/elpranprojecten.com\/es\/wp-json\/wp\/v2\/pages\/4879\/revisions\/6365"}],"wp:attachment":[{"href":"https:\/\/elpranprojecten.com\/es\/wp-json\/wp\/v2\/media?parent=4879"}],"curies":[{"name":"wp","href":"https:\/\/api.w.org\/{rel}","templated":true}]}}